{"id":436,"date":"2021-01-01T14:39:22","date_gmt":"2021-01-01T12:39:22","guid":{"rendered":"http:\/\/www.sexodepapel.com\/?page_id=436"},"modified":"2023-08-10T01:24:29","modified_gmt":"2023-08-09T23:24:29","slug":"juego-de-mesa-swinger","status":"publish","type":"page","link":"http:\/\/www.sexodepapel.com\/index.php\/juego-de-mesa-swinger\/","title":{"rendered":"Juego de mesa Swinger"},"content":{"rendered":"\n<p>Para una noche de San Juan horizontal que organizamos en casa con varias parejas swinger, <a rel=\"noreferrer noopener\" href=\"https:\/\/twitter.com\/Merodeadora14\" target=\"_blank\">@Merodeadora14<\/a> y <a href=\"https:\/\/twitter.com\/photoboudoirbcn\" target=\"_blank\" rel=\"noreferrer noopener\">@photoboudoirbcn<\/a> se curraron un juego pensado para si fuera necesario romper el hielo.<\/p>\n\n\n\n<p>Al ver el \u00e9xito e inter\u00e9s de muchas personas despu\u00e9s de haber publicado alguna foto del fin de a\u00f1o jugando al juego&#8230;<\/p>\n\n\n\n<figure class=\"wp-block-embed is-type-rich is-provider-twitter wp-block-embed-twitter\"><div class=\"wp-block-embed__wrapper\">\nhttps:\/\/twitter.com\/SexoDePapel\/status\/1344799140316852225?s=20\n<\/div><\/figure>\n\n\n\n<p>&#8230; y en respuesta a la m\u00faltiples peticiones de mandarles el juego, hemos decidido colgarlo p\u00fablicamente para que quien quiera pueda descarg\u00e1rselo y hacer con \u00e9l lo que m\u00e1s les plazca. Avisamos que se dise\u00f1\u00f3 aprovechando cartas y dados que ten\u00edamos de otros juegos para darle m\u00e1s juego al juego (valga la redundancia) y eso no est\u00e1 colgado, as\u00ed que tendr\u00e9is que echarle imaginaci\u00f3n a c\u00f3mo resolver alguna de las casillas en las que requiere alg\u00fan elemento extra que no est\u00e1 incluido. Por ejemplo: Un dado en lugar de la botella, unos papelitos con posiciones sexuales a sacar a ciegas de una bolsita, etc.<\/p>\n\n\n\n<p>Sin m\u00e1s dilaci\u00f3n, aqu\u00ed dejamos el enlace de descarga del tablero en formato PDF:<\/p>\n\n\n\n<div class=\"wp-block-file\"><a href=\"http:\/\/www.sexodepapel.com\/wp-content\/uploads\/2021\/01\/juegosw.pdf\"><a href=\"http:\/\/www.sexodepapel.com\/wp-content\/uploads\/2021\/01\/juegosw.pdf\"><strong>Juego de mesa Swinger<\/strong><\/a><\/a><a href=\"http:\/\/www.sexodepapel.com\/wp-content\/uploads\/2021\/01\/juegosw.pdf\" class=\"wp-block-file__button\" download>Descarga<\/a><\/div>\n\n\n\n<p>Esperamos que lo disfrut\u00e9is. \ud83d\ude09<\/p>\n\n\n\n<p>P.D: Si nos invit\u00e1is a jugar&#8230; a\u00fan mejor.<\/p>\n","protected":false},"excerpt":{"rendered":"<p>Para una noche de San Juan horizontal que organizamos en casa con varias parejas swinger, @Merodeadora14 y @photoboudoirbcn se curraron un juego pensado para si fuera necesario romper el hielo. Al ver el \u00e9xito e inter\u00e9s de muchas personas despu\u00e9s de haber publicado alguna foto del fin de a\u00f1o jugando al juego&#8230; &#8230; y en &hellip; <a href=\"http:\/\/www.sexodepapel.com\/index.php\/juego-de-mesa-swinger\/\" class=\"more-link\">Continuar leyendo<span class=\"screen-reader-text\"> \u00abJuego de mesa Swinger\u00bb<\/span><\/a><\/p>\n","protected":false},"author":1,"featured_media":438,"parent":0,"menu_order":0,"comment_status":"closed","ping_status":"closed","template":"","meta":{"jetpack_post_was_ever_published":false,"footnotes":""},"jetpack_sharing_enabled":true,"jetpack_shortlink":"https:\/\/wp.me\/P81ssD-72","_links":{"self":[{"href":"http:\/\/www.sexodepapel.com\/index.php\/wp-json\/wp\/v2\/pages\/436"}],"collection":[{"href":"http:\/\/www.sexodepapel.com\/index.php\/wp-json\/wp\/v2\/pages"}],"about":[{"href":"http:\/\/www.sexodepapel.com\/index.php\/wp-json\/wp\/v2\/types\/page"}],"author":[{"embeddable":true,"href":"http:\/\/www.sexodepapel.com\/index.php\/wp-json\/wp\/v2\/users\/1"}],"replies":[{"embeddable":true,"href":"http:\/\/www.sexodepapel.com\/index.php\/wp-json\/wp\/v2\/comments?post=436"}],"version-history":[{"count":5,"href":"http:\/\/www.sexodepapel.com\/index.php\/wp-json\/wp\/v2\/pages\/436\/revisions"}],"predecessor-version":[{"id":493,"href":"http:\/\/www.sexodepapel.com\/index.php\/wp-json\/wp\/v2\/pages\/436\/revisions\/493"}],"wp:featuredmedia":[{"embeddable":true,"href":"http:\/\/www.sexodepapel.com\/index.php\/wp-json\/wp\/v2\/media\/438"}],"wp:attachment":[{"href":"http:\/\/www.sexodepapel.com\/index.php\/wp-json\/wp\/v2\/media?parent=436"}],"curies":[{"name":"wp","href":"https:\/\/api.w.org\/{rel}","templated":true}]}}