{"id":366,"date":"2019-05-29T17:37:28","date_gmt":"2019-05-29T15:37:28","guid":{"rendered":"http:\/\/www.sexodepapel.com\/?page_id=366"},"modified":"2019-08-12T19:09:13","modified_gmt":"2019-08-12T17:09:13","slug":"clubes-swinger-de-barcelona","status":"publish","type":"page","link":"http:\/\/www.sexodepapel.com\/index.php\/clubes-swinger-de-barcelona\/","title":{"rendered":"Clubs swinger de Barcelona"},"content":{"rendered":"\n<p>Como en cualquier otro tipo de local (bar, restaurante, discoteca&#8230;) cada club swinger tiene su ambiente y perfil de clientes. As\u00ed que dependiendo de lo que busques te aconsejar\u00eda m\u00e1s un club u otro.<br><br>Estas son mis opiniones respecto a los clubs swinger de Barcelona:<\/p>\n\n\n\n<h2 class=\"wp-block-heading\">BARCELONA CIUDAD<\/h2>\n\n\n\n<h3 class=\"wp-block-heading\">Training Pedralbes<\/h3>\n\n\n\n<ul><li>Es el m\u00e1s emblem\u00e1tico de Barcelona.<\/li><li>De los m\u00e1s grandes y completos de BCN. Dispone de diferentes espacios, zona con ambientaci\u00f3n BDSM, piscina interior de agua caliente, cuatro duchas, Jacuzzi, la planta superior es el vestuario con taquillas, discoteca, barra de bar en zona m\u00e1s chillout, terraza y zona de fumadores.<\/li><li>Abren de lunes a domingo pero entre semana acostumbra a tener poca afluencia de gente.<\/li><li>Viernes y s\u00e1bado son los d\u00edas m\u00e1s fuertes y m\u00e1s caros.<\/li><li>El domingo es el d\u00eda m\u00e1s barato y eso lo ha convertido en el \u201cd\u00eda del espectador\u201d haciendo que el ambiente los domingos sea bastante interesante con una media de edad bastante joven y suficiente ambiente sin llegar a ser agobiante como un s\u00e1bado.<\/li><li>No se permite la entrada de hombres solos.<\/li><\/ul>\n\n\n\n<p class=\"has-text-color has-small-font-size has-medium-gray-color\">C\/ Doctor Joaqu\u00edn Albarr\u00e1n 16<br \/><a href=\"https:\/\/www.trainingpedralbes.es\/\">trainingpedralbes.es<\/a><\/p>\n\n\n\n<h3 class=\"wp-block-heading\">Oops!<\/h3>\n\n\n\n<ul><li>El m\u00e1s bonito de Barcelona.<\/li><li>Es un palacete de la zona alta de BCN y su decoraci\u00f3n est\u00e1 muy cuidada. Dispone de piscina exterior, una peque\u00f1a mazmorra, discoteca modesta y su fuerte es el jard\u00edn donde est\u00e1 la piscina y la terraza de la zona superior que abren seg\u00fan afluencia. Disponen de vestuarios con taquillas y un par de duchas.<\/li><li>Abren solamente viernes y s\u00e1bado (si no me equivoco). Los precios son de los m\u00e1s elevados &nbsp;de la ciudad.<\/li><li>El ambiente es m\u00e1s exclusivo, hay quien dice que hay mucho postureo y he o\u00eddo a gente asegurar que \u201cah\u00ed no folla nadie\u201d. Evidentemente es muy relativo y s\u00ed que hay quien folla ah\u00ed.<\/li><li>No se permite la entrada de hombres solos.<\/li><\/ul>\n\n\n\n<p class=\"has-text-color has-small-font-size has-medium-gray-color\">C\/ d&#8217;Angl\u00ed 69<br \/><a href=\"http:\/\/www.oopsbarcelona.com\">oopsbarcelona.com<\/a><\/p>\n\n\n\n<h3 class=\"wp-block-heading\">Uhomo<\/h3>\n\n\n\n<ul><li>Ellos mismos se definen como una discoteca liberal m\u00e1s que como un club swinger.<\/li><li>Dispone de una \u00fanica planta baja en la que mayoritariamente el espacio est\u00e1 ocupado por la pista de baile y barra de la discoteca, peque\u00f1a zona de fumadores interior y la \u201czona de parejas\u201d donde hay los espacios de camas. Tiene pocas taquillas que se pagan aparte y un par de duchas.<\/li><li>Es uno de los clubes m\u00e1s econ\u00f3micos y abren de jueves a domingo. Siendo el s\u00e1bado el d\u00eda m\u00e1s fuerte.<\/li><li>S\u00ed que se permite la entrada de hombres solos y estos tienen libertad de movimiento por todo el club excepto en la \u201czona de parejas\u201d donde tienen que acceder acompa\u00f1ados de una pareja o una chica.<\/li><li>El ambiente y media de edad es muy variado.<\/li><\/ul>\n\n\n\n<p class=\"has-text-color has-small-font-size has-medium-gray-color\">C\/ Puig i Xoriguer 10<br \/><a href=\"http:\/\/uhomoswinger.com\/\">uhomoswinger.com<\/a><\/p>\n\n\n\n<h3 class=\"wp-block-heading\">Libert<\/h3>\n\n\n\n<ul><li>Ah\u00ed se va a lo que se va, directo para tener sexo grupal.<\/li><li> Este club es para gente experimentada porque el espacio vital e intimidad es bastante escasa.<\/li><li>Su fuerte es que dejan entrar a bastantes hombres solos los cuales est\u00e1n confinados en la zona de la entrada donde hay la barra.<\/li><li>Es relativamente peque\u00f1o.<\/li><li>La \u201czona de parejas\u201d ocupa la otra mitad de la planta baja y la totalidad de la planta superior. Es muy oscuro y solamente ofrecen espacios de camas y un peque\u00f1o vestuario con taquillas que tambi\u00e9n se pagan aparte y duchas.<\/li><li>La media de edad acostumbra a ser bastante elevada, abren toda la semana y su horario de m\u00e1s afluencia es por las tardes.<\/li><\/ul>\n\n\n\n<p class=\"has-text-color has-small-font-size has-medium-gray-color\">C\/ Sep\u00falveda 31<br \/><a href=\"http:\/\/libertbcn.com\/\">libertbcn.com<\/a><\/p>\n\n\n\n<h3 class=\"wp-block-heading\">Charlie Privee<\/h3>\n\n\n\n<ul><li>Es un club un poco especial.<\/li><li>Tienen su clientela fiel y bastante peculiar. La media de edad es tirando a elevada, es muy habitual encontrar cross-dressers y vestimentas muy fetichistas.<\/li><li>Es relativamente peque\u00f1o. En la entrada hay una barra de bar, hay una zona de camas, vestuario con taquillas y no recuerdo si disponen de duchas.<\/li><li>Permiten la entrada de hombres solos y tienen libre movimiento por el club.<\/li><\/ul>\n\n\n\n<p class=\"has-text-color has-small-font-size has-medium-gray-color\">C\/ Josep Estivill&nbsp; 32 <br \/><a href=\"http:\/\/charlieprivee.blogspot.com\/\">charlieprivee.blogspot.com<\/a><\/p>\n\n\n\n<h3 class=\"wp-block-heading\">6y9<\/h3>\n\n\n\n<ul><li>A medio camino entre Libert y Training Pedralbes.<\/li><li>Es m\u00e1s grande que Libert, dispone de duchas, vestuarios y hasta un Jacuzzi. Zonas de camas m\u00e1s grandes y eso hace que no sea tan agobiante como Libert.<\/li><li>Por mi experiencia en este club, aunque poca, considero que no es un club destacable por lo que lo he puesto hacia el final en esta lista.<\/li><\/ul>\n\n\n\n<p class=\"has-text-color has-small-font-size has-medium-gray-color\">C\/ d&#8217;Alcolea 58  <br \/><a href=\"http:\/\/www.6y9.com\">6y9.com<\/a><\/p>\n\n\n\n<h3 class=\"wp-block-heading\">Open<\/h3>\n\n\n\n<ul><li>No lo conozco, pero por lo que me han dicho, creo que se asemeja al 6y9.<\/li><\/ul>\n\n\n\n<p class=\"has-text-color has-small-font-size has-medium-gray-color\">C\/ Val\u00e8ncia 103<\/p>\n\n\n\n<h2 class=\"wp-block-heading\">PR\u00d3XIMOS A BARCELONA<\/h2>\n\n\n\n<h3 class=\"wp-block-heading\">El Jard\u00edn del Ed\u00e9n (Barcelona)<\/h3>\n\n\n\n<ul><li>Un club a la francesa.<\/li><li>Los due\u00f1os son los mismos que el club hom\u00f3nimo en Valencia. Son franceses y eso se nota porque saben cuidar este tipo de negocios, infraestructuras y decoraci\u00f3n.<\/li><li>Es una nave industrial por lo que es muy grande. El h\u00e1ndicap es que si no hay mucha afluencia se ve muy vac\u00edo.<\/li><li>Dispone de barra de bar en la entrada, discoteca rodeada por zona de sof\u00e1s y terraza donde ofrecen cena los s\u00e1bados en la planta baja. En la planta inferior se encuentran las duchas, vestuarios con taquillas, piscina interior de agua caliente, habitaciones \u201cindividuales\u201d con puerta que se puede dejar abierta o cerrar, \u201czona de parejas\u201d con proyecci\u00f3n de pornograf\u00eda, rodeada por el pasillo franc\u00e9s o glory hole. <\/li><\/ul>\n\n\n\n<p class=\"has-text-color has-small-font-size has-medium-gray-color\">Poligono Industrial Can Buscarons de Baix, 1, Montorn\u00e8s del Vall\u00e8s<br \/><a href=\"http:\/\/eljardindeleden.barcelona\/\">eljardindeleden.barcelona<\/a><\/p>\n\n\n\n<h3 class=\"wp-block-heading\">Lasmiliuna (El Vendrell)<\/h3>\n\n\n\n<ul><li>Parecido al jard\u00edn del ed\u00e9n, pero un poco m\u00e1s modesto.<\/li><li>Tambi\u00e9n es una nave industrial pero al no ser tan grande, no necesita tanta gente para verse lleno.<\/li><li>La due\u00f1a cuida mucho las infraestructuras, los detalles y el trato con los clientes.<\/li><li>Dispone de dos terrazas peque\u00f1as en la planta inferior, piscina interior de agua caliente, duchas, vestuario con taquillas, varias salas, zona de camas, y en la planta superior hay varias camas grandes separadas todas cubiertas por telas de tul que permiten gestionar el nivel de intimidad que se quiere tener. Tambi\u00e9n tienen una habitaci\u00f3n \u201croja\u201d modesta con una ambientaci\u00f3n al estilo BDSM.<\/li><li>S\u00ed que dejan entrar a hombres solos pero deben mantenerse en la zona de la discoteca y la barra que est\u00e1 en la entrada del club.<\/li><li>Abren de jueves a domingo y los precios no razonables.<\/li><\/ul>\n\n\n\n<p class=\"has-text-color has-small-font-size has-medium-gray-color\"> C\/ Serrallers 25, El Vendrell <br \/><a href=\"http:\/\/www.lasmiliuna.com\/\">lasmiliuna.com<\/a><\/p>\n","protected":false},"excerpt":{"rendered":"<p>Como en cualquier otro tipo de local (bar, restaurante, discoteca&#8230;) cada club swinger tiene su ambiente y perfil de clientes. As\u00ed que dependiendo de lo que busques te aconsejar\u00eda m\u00e1s un club u otro. Estas son mis opiniones respecto a los clubs swinger de Barcelona: BARCELONA CIUDAD Training Pedralbes Es el m\u00e1s emblem\u00e1tico de Barcelona. &hellip; <a href=\"http:\/\/www.sexodepapel.com\/index.php\/clubes-swinger-de-barcelona\/\" class=\"more-link\">Continuar leyendo<span class=\"screen-reader-text\"> \u00abClubs swinger de Barcelona\u00bb<\/span><\/a><\/p>\n","protected":false},"author":1,"featured_media":0,"parent":0,"menu_order":0,"comment_status":"closed","ping_status":"closed","template":"","meta":{"jetpack_post_was_ever_published":false,"footnotes":""},"jetpack_sharing_enabled":true,"jetpack_shortlink":"https:\/\/wp.me\/P81ssD-5U","_links":{"self":[{"href":"http:\/\/www.sexodepapel.com\/index.php\/wp-json\/wp\/v2\/pages\/366"}],"collection":[{"href":"http:\/\/www.sexodepapel.com\/index.php\/wp-json\/wp\/v2\/pages"}],"about":[{"href":"http:\/\/www.sexodepapel.com\/index.php\/wp-json\/wp\/v2\/types\/page"}],"author":[{"embeddable":true,"href":"http:\/\/www.sexodepapel.com\/index.php\/wp-json\/wp\/v2\/users\/1"}],"replies":[{"embeddable":true,"href":"http:\/\/www.sexodepapel.com\/index.php\/wp-json\/wp\/v2\/comments?post=366"}],"version-history":[{"count":8,"href":"http:\/\/www.sexodepapel.com\/index.php\/wp-json\/wp\/v2\/pages\/366\/revisions"}],"predecessor-version":[{"id":407,"href":"http:\/\/www.sexodepapel.com\/index.php\/wp-json\/wp\/v2\/pages\/366\/revisions\/407"}],"wp:attachment":[{"href":"http:\/\/www.sexodepapel.com\/index.php\/wp-json\/wp\/v2\/media?parent=366"}],"curies":[{"name":"wp","href":"https:\/\/api.w.org\/{rel}","templated":true}]}}